{"id":2942,"date":"2026-03-23T07:17:09","date_gmt":"2026-03-23T07:17:09","guid":{"rendered":"https:\/\/www.boostcasinoseo.com\/directories\/playuzu\/"},"modified":"2026-03-23T07:17:09","modified_gmt":"2026-03-23T07:17:09","slug":"playuzu","status":"publish","type":"page","link":"https:\/\/www.boostcasinoseo.com\/directories\/playuzu\/","title":{"rendered":"Playuzu"},"content":{"rendered":"<p>WWW.PLAYUZU.MX AUTORIZADA MEDIANTE EL OFICIO NO. DGJS\/DCRCA\/2501\/2021 DE LA DIRECCI\u00d3N DE JUEGOS Y SORTEOS DE LA DIRECCI\u00d3N DE CONTROL Y REGULACI\u00d3N DE CENTROS DE APUESTAS REMOTAS Y SALAS DE SORTEOS ADSCRITA A LA SECRETAR\u00cdA DE GOBERNACI\u00d3N. ES OPERADA EN M\u00c9XICO POR LA PERMISIONARIA EN MATERIA DE JUEGOS Y SORTEOS &#8220;PRODUCCIONES M\u00d3VILES\u201d, S.A. DE C.V., TITULAR DEL PERMISO DE GOBERNACI\u00d3N DGAJS\/SCEVF\/P-06\/2005-TER EN UNI\u00d3N DE SU OPERADOR \u201cUNOCAPALI LA PAZ OPERADORA\u201d, S.A. DE C.V. DE CONFORMIDAD CON LOS OFICIOS DGJS\/1580\/2021 Y DGJS\/DCRCA\/2772\/2021. JUEGOS DE APUESTAS PROHIBIDOS PARA MENORES DE EDAD. JUEGA RESPONSABLEMENTE. NO OLVIDES QUE LOS PROP\u00d3SITOS SON EL ENTRETENIMIENTO, LA DIVERSI\u00d3N Y EL ESPARCIMIENTO.Los juegos de azar pueden ser adictivos, juega responsablemente.<\/p>\n<p>Ten en cuenta que todas las im\u00e1genes de los juegos y los iconos de los proveedores que se muestran en la p\u00e1gina de cierre de sesi\u00f3n son solo para fines ilustrativos. Algunos de los juegos que se muestran pueden no estar disponibles o no estar en vivo en la plataforma para tu pa\u00eds o cuenta.<\/p>\n","protected":false},"excerpt":{"rendered":"<p>WWW.PLAYUZU.MX AUTORIZADA MEDIANTE EL OFICIO NO. DGJS\/DCRCA\/2501\/2021 DE LA DIRECCI\u00d3N DE JUEGOS Y SORTEOS DE LA DIRECCI\u00d3N DE CONTROL Y REGULACI\u00d3N DE CENTROS DE APUESTAS REMOTAS Y SALAS DE SORTEOS ADSCRITA A LA SECRETAR\u00cdA DE GOBERNACI\u00d3N. ES OPERADA EN M\u00c9XICO POR LA PERMISIONARIA EN MATERIA DE JUEGOS Y SORTEOS &#8220;PRODUCCIONES M\u00d3VILES\u201d, S.A. DE C.V., TITULAR&hellip; <a class=\"more-link\" href=\"https:\/\/www.boostcasinoseo.com\/directories\/playuzu\/\">Continue reading <span class=\"screen-reader-text\">Playuzu<\/span><\/a><\/p>\n","protected":false},"author":2,"featured_media":0,"parent":0,"menu_order":0,"comment_status":"closed","ping_status":"closed","template":"inner-pages.php","meta":{"footnotes":""},"class_list":["post-2942","page","type-page","status-publish","hentry","entry"],"yoast_head":"<!-- This site is optimized with the Yoast SEO plugin v27.5 - https:\/\/yoast.com\/product\/yoast-seo-wordpress\/ -->\n<title>Playuzu Reviews Insights | Login, App &amp; Promotions<\/title>\n<meta name=\"description\" content=\"Check Playuzu Reviews, login details, app features, and promotions. Compare bonuses, reliability, and key features before joining.\" \/>\n<meta name=\"robots\" content=\"index, follow, max-snippet:-1, max-image-preview:large, max-video-preview:-1\" \/>\n<link rel=\"canonical\" href=\"https:\/\/www.boostcasinoseo.com\/directories\/playuzu\/\" \/>\n<meta property=\"og:locale\" content=\"en_US\" \/>\n<meta property=\"og:type\" content=\"article\" \/>\n<meta property=\"og:title\" content=\"Playuzu Reviews Insights | Login, App &amp; Promotions\" \/>\n<meta property=\"og:description\" content=\"Check Playuzu Reviews, login details, app features, and promotions. Compare bonuses, reliability, and key features before joining.\" \/>\n<meta property=\"og:url\" content=\"https:\/\/www.boostcasinoseo.com\/directories\/playuzu\/\" \/>\n<meta property=\"og:site_name\" content=\"Directories\" \/>\n<meta name=\"twitter:card\" content=\"summary_large_image\" \/>\n<meta name=\"twitter:label1\" content=\"Est. reading time\" \/>\n\t<meta name=\"twitter:data1\" content=\"1 minute\" \/>\n<script type=\"application\/ld+json\" class=\"yoast-schema-graph\">{\"@context\":\"https:\\\/\\\/schema.org\",\"@graph\":[{\"@type\":\"WebPage\",\"@id\":\"https:\\\/\\\/www.boostcasinoseo.com\\\/directories\\\/playuzu\\\/\",\"url\":\"https:\\\/\\\/www.boostcasinoseo.com\\\/directories\\\/playuzu\\\/\",\"name\":\"Playuzu Reviews Insights | Login, App & Promotions\",\"isPartOf\":{\"@id\":\"https:\\\/\\\/www.boostcasinoseo.com\\\/directories\\\/#website\"},\"datePublished\":\"2026-03-23T07:17:09+00:00\",\"description\":\"Check Playuzu Reviews, login details, app features, and promotions. Compare bonuses, reliability, and key features before joining.\",\"breadcrumb\":{\"@id\":\"https:\\\/\\\/www.boostcasinoseo.com\\\/directories\\\/playuzu\\\/#breadcrumb\"},\"inLanguage\":\"en-US\",\"potentialAction\":[{\"@type\":\"ReadAction\",\"target\":[\"https:\\\/\\\/www.boostcasinoseo.com\\\/directories\\\/playuzu\\\/\"]}]},{\"@type\":\"BreadcrumbList\",\"@id\":\"https:\\\/\\\/www.boostcasinoseo.com\\\/directories\\\/playuzu\\\/#breadcrumb\",\"itemListElement\":[{\"@type\":\"ListItem\",\"position\":1,\"name\":\"Home\",\"item\":\"https:\\\/\\\/www.boostcasinoseo.com\\\/directories\\\/\"},{\"@type\":\"ListItem\",\"position\":2,\"name\":\"Playuzu\"}]},{\"@type\":\"WebSite\",\"@id\":\"https:\\\/\\\/www.boostcasinoseo.com\\\/directories\\\/#website\",\"url\":\"https:\\\/\\\/www.boostcasinoseo.com\\\/directories\\\/\",\"name\":\"Directories\",\"description\":\"\",\"potentialAction\":[{\"@type\":\"SearchAction\",\"target\":{\"@type\":\"EntryPoint\",\"urlTemplate\":\"https:\\\/\\\/www.boostcasinoseo.com\\\/directories\\\/?s={search_term_string}\"},\"query-input\":{\"@type\":\"PropertyValueSpecification\",\"valueRequired\":true,\"valueName\":\"search_term_string\"}}],\"inLanguage\":\"en-US\"}]}<\/script>\n<!-- \/ Yoast SEO plugin. -->","yoast_head_json":{"title":"Playuzu Reviews Insights | Login, App & Promotions","description":"Check Playuzu Reviews, login details, app features, and promotions. Compare bonuses, reliability, and key features before joining.","robots":{"index":"index","follow":"follow","max-snippet":"max-snippet:-1","max-image-preview":"max-image-preview:large","max-video-preview":"max-video-preview:-1"},"canonical":"https:\/\/www.boostcasinoseo.com\/directories\/playuzu\/","og_locale":"en_US","og_type":"article","og_title":"Playuzu Reviews Insights | Login, App & Promotions","og_description":"Check Playuzu Reviews, login details, app features, and promotions. Compare bonuses, reliability, and key features before joining.","og_url":"https:\/\/www.boostcasinoseo.com\/directories\/playuzu\/","og_site_name":"Directories","twitter_card":"summary_large_image","twitter_misc":{"Est. reading time":"1 minute"},"schema":{"@context":"https:\/\/schema.org","@graph":[{"@type":"WebPage","@id":"https:\/\/www.boostcasinoseo.com\/directories\/playuzu\/","url":"https:\/\/www.boostcasinoseo.com\/directories\/playuzu\/","name":"Playuzu Reviews Insights | Login, App & Promotions","isPartOf":{"@id":"https:\/\/www.boostcasinoseo.com\/directories\/#website"},"datePublished":"2026-03-23T07:17:09+00:00","description":"Check Playuzu Reviews, login details, app features, and promotions. Compare bonuses, reliability, and key features before joining.","breadcrumb":{"@id":"https:\/\/www.boostcasinoseo.com\/directories\/playuzu\/#breadcrumb"},"inLanguage":"en-US","potentialAction":[{"@type":"ReadAction","target":["https:\/\/www.boostcasinoseo.com\/directories\/playuzu\/"]}]},{"@type":"BreadcrumbList","@id":"https:\/\/www.boostcasinoseo.com\/directories\/playuzu\/#breadcrumb","itemListElement":[{"@type":"ListItem","position":1,"name":"Home","item":"https:\/\/www.boostcasinoseo.com\/directories\/"},{"@type":"ListItem","position":2,"name":"Playuzu"}]},{"@type":"WebSite","@id":"https:\/\/www.boostcasinoseo.com\/directories\/#website","url":"https:\/\/www.boostcasinoseo.com\/directories\/","name":"Directories","description":"","potentialAction":[{"@type":"SearchAction","target":{"@type":"EntryPoint","urlTemplate":"https:\/\/www.boostcasinoseo.com\/directories\/?s={search_term_string}"},"query-input":{"@type":"PropertyValueSpecification","valueRequired":true,"valueName":"search_term_string"}}],"inLanguage":"en-US"}]}},"_links":{"self":[{"href":"https:\/\/www.boostcasinoseo.com\/directories\/wp-json\/wp\/v2\/pages\/2942","targetHints":{"allow":["GET"]}}],"collection":[{"href":"https:\/\/www.boostcasinoseo.com\/directories\/wp-json\/wp\/v2\/pages"}],"about":[{"href":"https:\/\/www.boostcasinoseo.com\/directories\/wp-json\/wp\/v2\/types\/page"}],"author":[{"embeddable":true,"href":"https:\/\/www.boostcasinoseo.com\/directories\/wp-json\/wp\/v2\/users\/2"}],"replies":[{"embeddable":true,"href":"https:\/\/www.boostcasinoseo.com\/directories\/wp-json\/wp\/v2\/comments?post=2942"}],"version-history":[{"count":0,"href":"https:\/\/www.boostcasinoseo.com\/directories\/wp-json\/wp\/v2\/pages\/2942\/revisions"}],"wp:attachment":[{"href":"https:\/\/www.boostcasinoseo.com\/directories\/wp-json\/wp\/v2\/media?parent=2942"}],"curies":[{"name":"wp","href":"https:\/\/api.w.org\/{rel}","templated":true}]}}